{"id":1101,"date":"2019-10-04T09:32:55","date_gmt":"2019-10-04T07:32:55","guid":{"rendered":"http:\/\/ec2-44-211-211-27.compute-1.amazonaws.com\/losungen\/"},"modified":"2019-10-13T22:30:29","modified_gmt":"2019-10-13T20:30:29","slug":"loesungen","status":"publish","type":"page","link":"https:\/\/sunhillmexico.com\/de\/loesungen\/","title":{"rendered":"L\u00f6sungen"},"content":{"rendered":"\t\t<div data-elementor-type=\"wp-post\" data-elementor-id=\"1101\" class=\"elementor elementor-1101 elementor-101\" data-elementor-post-type=\"page\">\n\t\t\t\t\t\t<section class=\"elementor-section elementor-top-section elementor-element elementor-element-a38f012 elementor-section-boxed elementor-section-height-default elementor-section-height-default\" data-id=\"a38f012\" data-element_type=\"section\" data-settings=\"{&quot;background_background&quot;:&quot;classic&quot;}\">\n\t\t\t\t\t\t<div class=\"elementor-container elementor-column-gap-default\">\n\t\t\t\t\t<div class=\"elementor-column elementor-col-50 elementor-top-column elementor-element elementor-element-68dcb86\" data-id=\"68dcb86\" data-element_type=\"column\">\n\t\t\t<div class=\"elementor-widget-wrap elementor-element-populated\">\n\t\t\t\t\t\t<div class=\"elementor-element elementor-element-b8664ce elementor-widget elementor-widget-heading\" data-id=\"b8664ce\" data-element_type=\"widget\" data-widget_type=\"heading.default\">\n\t\t\t\t<div class=\"elementor-widget-container\">\n\t\t\t\t\t<span id=b8664ce><\/span><h1 class=\"elementor-heading-title elementor-size-default\">L\u00f6sungen<\/h1>\t\t\t\t<\/div>\n\t\t\t\t<\/div>\n\t\t\t\t<div class=\"elementor-element elementor-element-bdb853d elementor-widget elementor-widget-heading\" data-id=\"bdb853d\" data-element_type=\"widget\" data-widget_type=\"heading.default\">\n\t\t\t\t<div class=\"elementor-widget-container\">\n\t\t\t\t\t<span id=bdb853d><\/span><h2 class=\"elementor-heading-title elementor-size-default\">Sunhill ist sehr stolz, seine Kunden so zu unterst\u00fctzen, dass sie L\u00f6sungen und Antworten auf ihre technischen Herausforderungen finden.  <\/h2>\t\t\t\t<\/div>\n\t\t\t\t<\/div>\n\t\t\t\t<div class=\"elementor-element elementor-element-b1fae2c elementor-widget elementor-widget-heading\" data-id=\"b1fae2c\" data-element_type=\"widget\" data-widget_type=\"heading.default\">\n\t\t\t\t<div class=\"elementor-widget-container\">\n\t\t\t\t\t<span id=b1fae2c><\/span><h2 class=\"elementor-heading-title elementor-size-default\">Im Folgenden erhalten Sie einen kurzen \u00dcberblick dar\u00fcber, wie wir unseren Kunden unterst\u00fctzen durften, interne Aufgabenstellungen zu l\u00f6sen, sei es mit Produkten, Lieferlogistik oder wettbewerbsf\u00e4higen Preisen - oder allen zusammen.<\/h2>\t\t\t\t<\/div>\n\t\t\t\t<\/div>\n\t\t\t\t\t<\/div>\n\t\t<\/div>\n\t\t\t\t<div class=\"elementor-column elementor-col-50 elementor-top-column elementor-element elementor-element-ad9dc32\" data-id=\"ad9dc32\" data-element_type=\"column\">\n\t\t\t<div class=\"elementor-widget-wrap elementor-element-populated\">\n\t\t\t\t\t\t<div class=\"elementor-element elementor-element-f84637b elementor-widget elementor-widget-image\" data-id=\"f84637b\" data-element_type=\"widget\" data-widget_type=\"image.default\">\n\t\t\t\t<div class=\"elementor-widget-container\">\n\t\t\t\t\t<span id=f84637b><\/span>\t\t\t\t\t\t\t\t\t\t<img fetchpriority=\"high\" decoding=\"async\" width=\"450\" height=\"322\" src=\"https:\/\/sunhillmexico.com\/wp-content\/uploads\/2019\/10\/productgroup_metal.jpg\" class=\"attachment-large size-large wp-image-876\" alt=\"Sunhill productgroup electronic\" srcset=\"https:\/\/sunhillmexico.com\/wp-content\/uploads\/2019\/10\/productgroup_metal.jpg 450w, https:\/\/sunhillmexico.com\/wp-content\/uploads\/2019\/10\/productgroup_metal-300x215.jpg 300w\" sizes=\"(max-width: 450px) 100vw, 450px\" \/>\t\t\t\t\t\t\t\t\t\t\t\t\t\t\t<\/div>\n\t\t\t\t<\/div>\n\t\t\t\t\t<\/div>\n\t\t<\/div>\n\t\t\t\t\t<\/div>\n\t\t<\/section>\n\t\t\t\t<section class=\"elementor-section elementor-top-section elementor-element elementor-element-075f383 elementor-section-boxed elementor-section-height-default elementor-section-height-default\" data-id=\"075f383\" data-element_type=\"section\">\n\t\t\t\t\t\t<div class=\"elementor-container elementor-column-gap-no\">\n\t\t\t\t\t<div class=\"elementor-column elementor-col-100 elementor-top-column elementor-element elementor-element-189d9b6\" data-id=\"189d9b6\" data-element_type=\"column\">\n\t\t\t<div class=\"elementor-widget-wrap elementor-element-populated\">\n\t\t\t\t\t\t<div class=\"elementor-element elementor-element-dbd8182 elementor-widget elementor-widget-heading\" data-id=\"dbd8182\" data-element_type=\"widget\" data-widget_type=\"heading.default\">\n\t\t\t\t<div class=\"elementor-widget-container\">\n\t\t\t\t\t<span id=dbd8182><\/span><div class=\"elementor-heading-title elementor-size-default\">Sunhill nutzt seinen globalen Ansatz und seine Ressourcen, um zeitnahe L\u00f6sungen zu finden oder neu zu entwickeln. Wir sehen den gr\u00f6\u00dften Erfolg eines Projektes, wenn r\u00fcckblickend der Einkauf und\/ oder die Technik unseres Kunden, mit der Zusammenarbeit und den Resultaten zufrieden ist. <br><br><br>Siehe unten einige \u201eBest Cases\u201c \u00fcber erfolgreiche Zusammenarbeiten, und L\u00f6sungsentwicklungen.....<\/div>\t\t\t\t<\/div>\n\t\t\t\t<\/div>\n\t\t\t\t\t<\/div>\n\t\t<\/div>\n\t\t\t\t\t<\/div>\n\t\t<\/section>\n\t\t\t\t<section class=\"elementor-section elementor-top-section elementor-element elementor-element-1637e0c elementor-section-boxed elementor-section-height-default elementor-section-height-default\" data-id=\"1637e0c\" data-element_type=\"section\">\n\t\t\t\t\t\t<div class=\"elementor-container elementor-column-gap-default\">\n\t\t\t\t\t<div class=\"elementor-column elementor-col-100 elementor-top-column elementor-element elementor-element-d336255\" data-id=\"d336255\" data-element_type=\"column\">\n\t\t\t<div class=\"elementor-widget-wrap elementor-element-populated\">\n\t\t\t\t\t\t\t<\/div>\n\t\t<\/div>\n\t\t\t\t\t<\/div>\n\t\t<\/section>\n\t\t\t\t<section class=\"elementor-section elementor-top-section elementor-element elementor-element-0a8e2fd elementor-section-content-middle elementor-section-boxed elementor-section-height-default elementor-section-height-default\" data-id=\"0a8e2fd\" data-element_type=\"section\" data-settings=\"{&quot;background_background&quot;:&quot;classic&quot;}\">\n\t\t\t\t\t\t<div class=\"elementor-container elementor-column-gap-default\">\n\t\t\t\t\t<div class=\"elementor-column elementor-col-50 elementor-top-column elementor-element elementor-element-b2f87eb\" data-id=\"b2f87eb\" data-element_type=\"column\">\n\t\t\t<div class=\"elementor-widget-wrap elementor-element-populated\">\n\t\t\t\t\t\t<div class=\"elementor-element elementor-element-a0e19bf elementor-widget elementor-widget-heading\" data-id=\"a0e19bf\" data-element_type=\"widget\" data-widget_type=\"heading.default\">\n\t\t\t\t<div class=\"elementor-widget-container\">\n\t\t\t\t\t<span id=a0e19bf><\/span><h2 class=\"elementor-heading-title elementor-size-default\">Bei Fragen oder W\u00fcnschen kontaktieren Sie uns bitte. <\/h2>\t\t\t\t<\/div>\n\t\t\t\t<\/div>\n\t\t\t\t<div class=\"elementor-element elementor-element-5092393 elementor-widget elementor-widget-heading\" data-id=\"5092393\" data-element_type=\"widget\" data-widget_type=\"heading.default\">\n\t\t\t\t<div class=\"elementor-widget-container\">\n\t\t\t\t\t<span id=5092393><\/span><p class=\"elementor-heading-title elementor-size-default\">Wir helfen Ihnen gerne weiter.<\/p>\t\t\t\t<\/div>\n\t\t\t\t<\/div>\n\t\t\t\t\t<\/div>\n\t\t<\/div>\n\t\t\t\t<div class=\"elementor-column elementor-col-50 elementor-top-column elementor-element elementor-element-b032083\" data-id=\"b032083\" data-element_type=\"column\">\n\t\t\t<div class=\"elementor-widget-wrap elementor-element-populated\">\n\t\t\t\t\t\t<div class=\"elementor-element elementor-element-c3fd4d5 elementor-align-left elementor-widget elementor-widget-button\" data-id=\"c3fd4d5\" data-element_type=\"widget\" data-widget_type=\"button.default\">\n\t\t\t\t<div class=\"elementor-widget-container\">\n\t\t\t\t\t<span id=c3fd4d5><\/span>\t\t\t\t<div class=\"elementor-button-wrapper\">\n\t\t\t\t\t<a class=\"elementor-button elementor-button-link elementor-size-md\" href=\"http:\/\/ec2-44-211-211-27.compute-1.amazonaws.com\/de\/kontaktieren-sie-uns\/\">\n\t\t\t\t\t\t<span class=\"elementor-button-content-wrapper\">\n\t\t\t\t\t\t<span class=\"elementor-button-icon\">\n\t\t\t\t<i aria-hidden=\"true\" class=\"fas fa-angle-double-right\"><\/i>\t\t\t<\/span>\n\t\t\t\t\t\t\t\t\t<span class=\"elementor-button-text\">Kontaktieren Sie uns<\/span>\n\t\t\t\t\t<\/span>\n\t\t\t\t\t<\/a>\n\t\t\t\t<\/div>\n\t\t\t\t\t\t\t\t<\/div>\n\t\t\t\t<\/div>\n\t\t\t\t\t<\/div>\n\t\t<\/div>\n\t\t\t\t\t<\/div>\n\t\t<\/section>\n\t\t\t\t<\/div>\n\t\t","protected":false},"excerpt":{"rendered":"<p>L\u00f6sungen Sunhill ist sehr stolz, seine Kunden so zu unterst\u00fctzen, dass sie L\u00f6sungen und Antworten auf ihre technischen Herausforderungen finden. Im Folgenden erhalten Sie einen kurzen \u00dcberblick dar\u00fcber, wie wir unseren Kunden unterst\u00fctzen durften, interne Aufgabenstellungen zu l\u00f6sen, sei es mit Produkten, Lieferlogistik oder wettbewerbsf\u00e4higen Preisen &#8211; oder allen zusammen. Sunhill nutzt seinen globalen Ansatz [&hellip;]<\/p>\n","protected":false},"author":1,"featured_media":0,"parent":0,"menu_order":7,"comment_status":"closed","ping_status":"closed","template":"","meta":{"site-sidebar-layout":"no-sidebar","site-content-layout":"page-builder","ast-site-content-layout":"","site-content-style":"default","site-sidebar-style":"default","ast-global-header-display":"","ast-banner-title-visibility":"","ast-main-header-display":"","ast-hfb-above-header-display":"","ast-hfb-below-header-display":"","ast-hfb-mobile-header-display":"","site-post-title":"disabled","ast-breadcrumbs-content":"","ast-featured-img":"disabled","footer-sml-layout":"","theme-transparent-header-meta":"default","adv-header-id-meta":"","stick-header-meta":"default","header-above-stick-meta":"","header-main-stick-meta":"","header-below-stick-meta":"","astra-migrate-meta-layouts":"default","ast-page-background-enabled":"default","ast-page-background-meta":{"desktop":{"background-color":"","background-image":"","background-repeat":"repeat","background-position":"center center","background-size":"auto","background-attachment":"scroll","background-type":"","background-media":"","overlay-type":"","overlay-color":"","overlay-opacity":"","overlay-gradient":""},"tablet":{"background-color":"","background-image":"","background-repeat":"repeat","background-position":"center center","background-size":"auto","background-attachment":"scroll","background-type":"","background-media":"","overlay-type":"","overlay-color":"","overlay-opacity":"","overlay-gradient":""},"mobile":{"background-color":"","background-image":"","background-repeat":"repeat","background-position":"center center","background-size":"auto","background-attachment":"scroll","background-type":"","background-media":"","overlay-type":"","overlay-color":"","overlay-opacity":"","overlay-gradient":""}},"ast-content-background-meta":{"desktop":{"background-color":"var(--ast-global-color-5)","background-image":"","background-repeat":"repeat","background-position":"center center","background-size":"auto","background-attachment":"scroll","background-type":"","background-media":"","overlay-type":"","overlay-color":"","overlay-opacity":"","overlay-gradient":""},"tablet":{"background-color":"var(--ast-global-color-5)","background-image":"","background-repeat":"repeat","background-position":"center center","background-size":"auto","background-attachment":"scroll","background-type":"","background-media":"","overlay-type":"","overlay-color":"","overlay-opacity":"","overlay-gradient":""},"mobile":{"background-color":"var(--ast-global-color-5)","background-image":"","background-repeat":"repeat","background-position":"center center","background-size":"auto","background-attachment":"scroll","background-type":"","background-media":"","overlay-type":"","overlay-color":"","overlay-opacity":"","overlay-gradient":""}},"footnotes":""},"class_list":["post-1101","page","type-page","status-publish","hentry"],"_links":{"self":[{"href":"https:\/\/sunhillmexico.com\/de\/wp-json\/wp\/v2\/pages\/1101","targetHints":{"allow":["GET"]}}],"collection":[{"href":"https:\/\/sunhillmexico.com\/de\/wp-json\/wp\/v2\/pages"}],"about":[{"href":"https:\/\/sunhillmexico.com\/de\/wp-json\/wp\/v2\/types\/page"}],"author":[{"embeddable":true,"href":"https:\/\/sunhillmexico.com\/de\/wp-json\/wp\/v2\/users\/1"}],"replies":[{"embeddable":true,"href":"https:\/\/sunhillmexico.com\/de\/wp-json\/wp\/v2\/comments?post=1101"}],"version-history":[{"count":10,"href":"https:\/\/sunhillmexico.com\/de\/wp-json\/wp\/v2\/pages\/1101\/revisions"}],"predecessor-version":[{"id":1266,"href":"https:\/\/sunhillmexico.com\/de\/wp-json\/wp\/v2\/pages\/1101\/revisions\/1266"}],"wp:attachment":[{"href":"https:\/\/sunhillmexico.com\/de\/wp-json\/wp\/v2\/media?parent=1101"}],"curies":[{"name":"wp","href":"https:\/\/api.w.org\/{rel}","templated":true}]}}